{"id":229848,"date":"2024-10-28T15:25:57","date_gmt":"2024-10-28T19:25:57","guid":{"rendered":"https:\/\/staging.novaterr.com\/?page_id=223870"},"modified":"2025-02-14T14:57:28","modified_gmt":"2025-02-14T19:57:28","slug":"inicio2","status":"publish","type":"page","link":"https:\/\/novaterr.com\/fr\/","title":{"rendered":"Accueil2"},"content":{"rendered":"<div class=\"wp-block-cover alignfull is-light cover-home\" style=\"margin-top:0;padding-top:48px;padding-right:48px;padding-bottom:48px;padding-left:48px;min-height:66vh;aspect-ratio:unset;\"><span aria-hidden=\"true\" class=\"wp-block-cover__background has-nv-dark-bg-background-color has-background-dim-30 has-background-dim\"><\/span><img loading=\"lazy\" decoding=\"async\" width=\"2560\" height=\"1709\" class=\"wp-block-cover__image-background wp-image-223871\" alt=\"\" src=\"https:\/\/novaterr.com\/wp-content\/uploads\/ben-white-gEKMstKfZ6w-unsplash-2-scaled-1.jpg\" data-object-fit=\"cover\" srcset=\"https:\/\/novaterr.com\/wp-content\/uploads\/ben-white-gEKMstKfZ6w-unsplash-2-scaled-1.jpg 2560w, https:\/\/novaterr.com\/wp-content\/uploads\/ben-white-gEKMstKfZ6w-unsplash-2-scaled-1-300x200.jpg 300w, https:\/\/novaterr.com\/wp-content\/uploads\/ben-white-gEKMstKfZ6w-unsplash-2-scaled-1-1024x684.jpg 1024w, https:\/\/novaterr.com\/wp-content\/uploads\/ben-white-gEKMstKfZ6w-unsplash-2-scaled-1-768x513.jpg 768w, https:\/\/novaterr.com\/wp-content\/uploads\/ben-white-gEKMstKfZ6w-unsplash-2-scaled-1-1536x1025.jpg 1536w, https:\/\/novaterr.com\/wp-content\/uploads\/ben-white-gEKMstKfZ6w-unsplash-2-scaled-1-2048x1367.jpg 2048w, https:\/\/novaterr.com\/wp-content\/uploads\/ben-white-gEKMstKfZ6w-unsplash-2-scaled-1-18x12.jpg 18w, https:\/\/novaterr.com\/wp-content\/uploads\/ben-white-gEKMstKfZ6w-unsplash-2-scaled-1-930x620.jpg 930w, https:\/\/novaterr.com\/wp-content\/uploads\/ben-white-gEKMstKfZ6w-unsplash-2-scaled-1-600x401.jpg 600w\" sizes=\"auto, (max-width: 2560px) 100vw, 2560px\" \/><div class=\"wp-block-cover__inner-container is-layout-flow wp-block-cover-is-layout-flow\">\n<div class=\"wp-block-group\"><div class=\"wp-block-group__inner-container is-layout-constrained wp-container-core-group-is-layout-481a76f5 wp-block-group-is-layout-constrained\">\n<h2 class=\"wp-block-heading has-text-align-center has-white-color has-text-color\" style=\"font-size:45px;font-style:normal;font-weight:300;letter-spacing:0px;line-height:1;text-transform:uppercase\">Bienvenue chez Novaterr Solutions !<\/h2>\n<\/div><\/div>\n\n\n\n<p class=\"has-text-align-center has-nv-site-bg-color has-text-color has-link-color has-medium-font-size wp-elements-7863761c3155e3aedcde383738e94767\">Des solutions innovantes pour un avenir durable<\/p>\n\n\n\n<div style=\"height:72px\" aria-hidden=\"true\" class=\"wp-block-spacer\"><\/div>\n\n\n\n<div class=\"wp-block-buttons is-content-justification-center is-nowrap is-layout-flex wp-container-core-buttons-is-layout-1fb9aab6 wp-block-buttons-is-layout-flex\"><\/div>\n<\/div><\/div>\n\n\n\n<div class=\"wp-block-columns first-section-2 is-layout-flex wp-container-core-columns-is-layout-9d6595d7 wp-block-columns-is-layout-flex\">\n<div class=\"wp-block-column is-layout-flow wp-block-column-is-layout-flow\">\n<figure class=\"wp-block-image size-large margin-negative\"><img loading=\"lazy\" decoding=\"async\" width=\"1024\" height=\"535\" src=\"https:\/\/novaterr.com\/wp-content\/uploads\/image_home-1024x535.jpg\" alt=\"\" class=\"wp-image-231012\" srcset=\"https:\/\/novaterr.com\/wp-content\/uploads\/image_home-1024x535.jpg 1024w, https:\/\/novaterr.com\/wp-content\/uploads\/image_home-300x157.jpg 300w, https:\/\/novaterr.com\/wp-content\/uploads\/image_home-768x401.jpg 768w, https:\/\/novaterr.com\/wp-content\/uploads\/image_home-1536x803.jpg 1536w, https:\/\/novaterr.com\/wp-content\/uploads\/image_home-2048x1070.jpg 2048w, https:\/\/novaterr.com\/wp-content\/uploads\/image_home-18x9.jpg 18w, https:\/\/novaterr.com\/wp-content\/uploads\/image_home-600x314.jpg 600w\" sizes=\"auto, (max-width: 1024px) 100vw, 1024px\" \/><\/figure>\n<\/div>\n\n\n\n<div class=\"wp-block-column is-layout-flow wp-block-column-is-layout-flow\">\n<p class=\"p-strong has-text-color has-link-color wp-elements-9d33c2bb7ecb2e23f79b81b4e573b835\" style=\"color:#5d5d5d\"><br>Nous sommes sp\u00e9cialis\u00e9s dans le d\u00e9veloppement de logiciels, les produits et services m\u00e9dicaux, l&#039;import-export et les solutions pour l&#039;industrie verte. Notre mission est de fournir des solutions innovantes et durables qui r\u00e9pondent aux besoins de nos clients et contribuent \u00e0 un avenir meilleur.<\/p>\n\n\n\n<div class=\"wp-block-columns columas-botones is-layout-flex wp-container-core-columns-is-layout-9d6595d7 wp-block-columns-is-layout-flex\">\n<div class=\"wp-block-column is-layout-flow wp-block-column-is-layout-flow\">\n<div class=\"wp-block-buttons is-layout-flex wp-block-buttons-is-layout-flex\">\n<div class=\"wp-block-button boton\"><a class=\"wp-block-button__link has-text-color has-background has-link-color wp-element-button\" href=\"#about\" style=\"border-width:2px;border-radius:20px;color:#5d5d5d;background-color:#ffffff82;padding-top:var(--wp--preset--spacing--30);padding-right:var(--wp--preset--spacing--60);padding-bottom:var(--wp--preset--spacing--30);padding-left:var(--wp--preset--spacing--60)\">En savoir plus<\/a><\/div>\n<\/div>\n<\/div>\n\n\n\n<div class=\"wp-block-column is-layout-flow wp-block-column-is-layout-flow\">\n<div class=\"wp-block-buttons is-layout-flex wp-block-buttons-is-layout-flex\">\n<div class=\"wp-block-button boton\"><a class=\"wp-block-button__link has-text-color has-background has-link-color wp-element-button\" href=\"https:\/\/novaterr.com\/fr\/contacto\/\" style=\"border-width:2px;border-radius:20px;color:#5d5d5d;background-color:#ffffff82;padding-top:var(--wp--preset--spacing--30);padding-right:var(--wp--preset--spacing--60);padding-bottom:var(--wp--preset--spacing--30);padding-left:var(--wp--preset--spacing--60)\">Contactez-nous<\/a><\/div>\n<\/div>\n<\/div>\n<\/div>\n<\/div>\n<\/div>\n\n\n\n<div class=\"wp-block-columns solutions-container is-layout-flex wp-container-core-columns-is-layout-9d6595d7 wp-block-columns-is-layout-flex\">\n<div class=\"wp-block-column is-layout-flow wp-block-column-is-layout-flow\">\n<div class=\"wp-block-columns sistema-col is-layout-flex wp-container-core-columns-is-layout-9d6595d7 wp-block-columns-is-layout-flex\">\n<div class=\"wp-block-column col1 is-layout-flow wp-block-column-is-layout-flow\">\n<h2 class=\"wp-block-heading has-text-align-center has-text-color has-link-color has-medium-font-size wp-elements-57f7b28dddc1adc46ba8cc0c359e75f4\" style=\"color:#cca653;text-transform:uppercase\">D\u00e9veloppement de logiciels<\/h2>\n\n\n\n<div class=\"wp-block-columns is-layout-flex wp-container-core-columns-is-layout-9d6595d7 wp-block-columns-is-layout-flex\">\n<div class=\"wp-block-column card is-layout-flow wp-block-column-is-layout-flow\">\n<p><br>Nous proposons des solutions logicielles de pointe pour <strong>secteurs bancaire et financier.<\/strong> Nos produits innovants, tels que Novaguard, sont con\u00e7us pour am\u00e9liorer la s\u00e9curit\u00e9, l&#039;efficacit\u00e9 et l&#039;exp\u00e9rience client.<\/p>\n\n\n\n<p class=\"has-text-align-right p-card\"><a href=\"https:\/\/novaterr.com\/fr\/contacto\/\" data-type=\"page\" data-id=\"173579\">Contactez-nous<\/a> pour en savoir plus sur nos solutions logicielles \u00e0 venir, notamment Novaguard.pro.<\/p>\n<\/div>\n<\/div>\n<\/div>\n\n\n\n<div class=\"wp-block-column col2 is-layout-flow wp-block-column-is-layout-flow\">\n<h2 class=\"wp-block-heading has-text-align-center has-text-color has-link-color has-medium-font-size wp-elements-63d0bd95e9a66c897b67957f13a3f128\" style=\"color:#cca653;text-transform:uppercase\">Solutions pour l&#039;industrie m\u00e9dicale<\/h2>\n\n\n\n<div class=\"wp-block-columns is-layout-flex wp-container-core-columns-is-layout-9d6595d7 wp-block-columns-is-layout-flex\">\n<div class=\"wp-block-column card is-layout-flow wp-block-column-is-layout-flow\">\n<p><br>Nous proposons des solutions produits et logicielles innovantes, d\u00e9velopp\u00e9es en \u00e9troite collaboration avec des professionnels de la sant\u00e9, pour r\u00e9pondre aux besoins \u00e9volutifs de l&#039;industrie m\u00e9dicale et am\u00e9liorer les soins aux patients.<\/p>\n\n\n\n<p class=\"has-text-align-right p-card\"><a href=\"https:\/\/novaterr.com\/fr\/contacto\/\" data-type=\"page\" data-id=\"173579\">Contactez-nous<\/a> pour d\u00e9couvrir comment nous pouvons vous aider \u00e0 garder une longueur d\u2019avance.<\/p>\n<\/div>\n<\/div>\n<\/div>\n<\/div>\n\n\n\n<div class=\"wp-block-columns is-layout-flex wp-container-core-columns-is-layout-9d6595d7 wp-block-columns-is-layout-flex\">\n<div class=\"wp-block-column is-layout-flow wp-block-column-is-layout-flow\">\n<div class=\"wp-block-columns border-2 is-layout-flex wp-container-core-columns-is-layout-9d6595d7 wp-block-columns-is-layout-flex\">\n<div class=\"wp-block-column border-1 is-layout-flow wp-block-column-is-layout-flow\">\n<h2 class=\"wp-block-heading has-text-align-center h2-border has-text-color has-link-color wp-elements-641a22e78f7458ecadec1ff72fc95485\" style=\"color:#cca653\">Une vari\u00e9t\u00e9 de solutions pour une vari\u00e9t\u00e9 de besoins<\/h2>\n<\/div>\n<\/div>\n<\/div>\n<\/div>\n\n\n\n<div class=\"wp-block-columns sistema-col is-layout-flex wp-container-core-columns-is-layout-9d6595d7 wp-block-columns-is-layout-flex\">\n<div class=\"wp-block-column col1 is-layout-flow wp-block-column-is-layout-flow\">\n<h2 class=\"wp-block-heading has-text-align-center has-text-color has-link-color has-medium-font-size wp-elements-93a9e1aeaa2517a08583a4ec49a05b40\" style=\"color:#cca653;text-transform:uppercase\">Import-export<\/h2>\n\n\n\n<div class=\"wp-block-columns is-layout-flex wp-container-core-columns-is-layout-9d6595d7 wp-block-columns-is-layout-flex\">\n<div class=\"wp-block-column card is-layout-flow wp-block-column-is-layout-flow\">\n<p><br><strong>Sp\u00e9cialistes de l&#039;exportation vers les Cara\u00efbes<\/strong><br>Novaterr est un sp\u00e9cialiste de premier plan dans l\u2019exportation vers la r\u00e9gion des Cara\u00efbes. Nous fournissons des services d&#039;importation et d&#039;exportation complets, garantissant des op\u00e9rations commerciales fluides et efficaces.<\/p>\n\n\n\n<p class=\"has-text-align-right p-card\"><a href=\"https:\/\/novaterr.com\/fr\/contacto\/\" data-type=\"page\" data-id=\"173579\">Contactez-nous<\/a> pour plus d&#039;informations sur nos services d&#039;importation et d&#039;exportation.<\/p>\n<\/div>\n<\/div>\n<\/div>\n\n\n\n<div class=\"wp-block-column col2 is-layout-flow wp-block-column-is-layout-flow\">\n<h2 class=\"wp-block-heading has-text-align-center has-text-color has-link-color has-medium-font-size wp-elements-3beac22706bdb9341329c720fa248da2\" style=\"color:#cca653;text-transform:uppercase\">Energies renouvelables et d\u00e9veloppement durable<\/h2>\n\n\n\n<div class=\"wp-block-columns is-layout-flex wp-container-core-columns-is-layout-9d6595d7 wp-block-columns-is-layout-flex\">\n<div class=\"wp-block-column card is-layout-flow wp-block-column-is-layout-flow\">\n<p><br><strong>V\u00e9hicules \u00e9lectriques<\/strong><br>Novaterr s&#039;implique activement dans le co-d\u00e9veloppement et la co-construction de v\u00e9hicules \u00e9lectriques. Nous travaillons avec des partenaires via notre marque e-nova pour proposer des solutions de transport durables et innovantes.&nbsp;<\/p>\n\n\n\n<p class=\"has-text-align-right p-card\">Visite <a href=\"http:\/\/e-nova.ca\">e-nova.ca<\/a> pour plus d&#039;informations.<\/p>\n<\/div>\n<\/div>\n<\/div>\n<\/div>\n<\/div>\n<\/div>\n\n\n\n<div class=\"wp-block-columns novaterr-soluctions is-layout-flex wp-container-core-columns-is-layout-9d6595d7 wp-block-columns-is-layout-flex\">\n<div class=\"wp-block-column is-layout-flow wp-block-column-is-layout-flow\">\n<div class=\"wp-block-columns is-layout-flex wp-container-core-columns-is-layout-9d6595d7 wp-block-columns-is-layout-flex\">\n<div class=\"wp-block-column novaterr-soliution is-layout-flow wp-block-column-is-layout-flow\" id=\"about\">\n<h2 class=\"wp-block-heading has-text-color has-link-color wp-elements-e30418cfc8f5e997f8716ce69b8521d8\" style=\"color:#808080\">Novaterr Solutions Inc., une filiale du Groupe Lussier, est une entreprise qu\u00e9b\u00e9coise ayant des activit\u00e9s \u00e0 l&#039;\u00e9chelle mondiale.&nbsp;<\/h2>\n\n\n\n<p class=\"has-text-color has-link-color wp-elements-72b18502b8840393796ab5d33539b05e\" style=\"color:#808080;font-style:normal;font-weight:600\">Notre mission est de favoriser l\u2019innovation et la durabilit\u00e9 \u00e0 travers nos activit\u00e9s commerciales, contribuant ainsi \u00e0 un avenir plus efficace et plus vert.<br>Notre vision est d\u2019\u00eatre des leaders dans nos industries respectives, en \u00e9tablissant de nouvelles normes d\u2019excellence et de satisfaction client.<\/p>\n<\/div>\n\n\n\n<div class=\"wp-block-column is-layout-flow wp-block-column-is-layout-flow\">\n<div class=\"wp-block-columns column is-layout-flex wp-container-core-columns-is-layout-9d6595d7 wp-block-columns-is-layout-flex\">\n<div class=\"wp-block-column image-novaterr-solution1 is-layout-flow wp-block-column-is-layout-flow\">\n<figure class=\"wp-block-image size-large\"><img decoding=\"async\" src=\"https:\/\/novaterr.com\/wp-content\/uploads\/motif-1024x571.png\" alt=\"\" class=\"wp-image-223878\"\/><\/figure>\n<\/div>\n\n\n\n<div class=\"wp-block-column image-novaterr-solution2 is-layout-flow wp-block-column-is-layout-flow\">\n<figure class=\"wp-block-image size-large\"><img loading=\"lazy\" decoding=\"async\" width=\"683\" height=\"1024\" src=\"https:\/\/novaterr.com\/wp-content\/uploads\/27086335_xl-scaled-1-683x1024.jpg\" alt=\"\" class=\"wp-image-229850\" srcset=\"https:\/\/novaterr.com\/wp-content\/uploads\/27086335_xl-scaled-1-683x1024.jpg 683w, https:\/\/novaterr.com\/wp-content\/uploads\/27086335_xl-scaled-1-200x300.jpg 200w, https:\/\/novaterr.com\/wp-content\/uploads\/27086335_xl-scaled-1-768x1152.jpg 768w, https:\/\/novaterr.com\/wp-content\/uploads\/27086335_xl-scaled-1-1024x1536.jpg 1024w, https:\/\/novaterr.com\/wp-content\/uploads\/27086335_xl-scaled-1-1366x2048.jpg 1366w, https:\/\/novaterr.com\/wp-content\/uploads\/27086335_xl-scaled-1-8x12.jpg 8w, https:\/\/novaterr.com\/wp-content\/uploads\/27086335_xl-scaled-1-600x900.jpg 600w, https:\/\/novaterr.com\/wp-content\/uploads\/27086335_xl-scaled-1.jpg 1707w\" sizes=\"auto, (max-width: 683px) 100vw, 683px\" \/><\/figure>\n<\/div>\n<\/div>\n<\/div>\n<\/div>\n<\/div>\n<\/div>\n\n\n\n<div class=\"wp-block-columns is-layout-flex wp-container-core-columns-is-layout-9d6595d7 wp-block-columns-is-layout-flex\">\n<div class=\"wp-block-column is-layout-flow wp-block-column-is-layout-flow\">\n<div class=\"wp-block-columns is-layout-flex wp-container-core-columns-is-layout-9d6595d7 wp-block-columns-is-layout-flex\">\n<div class=\"wp-block-column is-layout-flow wp-block-column-is-layout-flow\" style=\"flex-basis:20%\">\n<h2 class=\"wp-block-heading new-h2 has-text-color has-link-color has-x-large-font-size wp-elements-a59da5e1c78800b45898253a7d5e4f67\" style=\"color:#cca653;text-transform:uppercase\">Nouvelles<\/h2>\n<\/div>\n\n\n\n<div class=\"wp-block-column micro-contaienr is-layout-flow wp-block-column-is-layout-flow\">\n<figure class=\"wp-block-image size-large is-resized has-custom-border radio-micro\"><img loading=\"lazy\" decoding=\"async\" width=\"1024\" height=\"683\" src=\"https:\/\/novaterr.com\/wp-content\/uploads\/kane-reinholdtsen-LETdkk7wHQk-unsplash-scaled-1-1024x683.jpg\" alt=\"\" class=\"wp-image-229851\" style=\"border-radius:50%;aspect-ratio:1;object-fit:cover;width:350px;height:auto\" srcset=\"https:\/\/novaterr.com\/wp-content\/uploads\/kane-reinholdtsen-LETdkk7wHQk-unsplash-scaled-1-1024x683.jpg 1024w, https:\/\/novaterr.com\/wp-content\/uploads\/kane-reinholdtsen-LETdkk7wHQk-unsplash-scaled-1-300x200.jpg 300w, https:\/\/novaterr.com\/wp-content\/uploads\/kane-reinholdtsen-LETdkk7wHQk-unsplash-scaled-1-768x512.jpg 768w, https:\/\/novaterr.com\/wp-content\/uploads\/kane-reinholdtsen-LETdkk7wHQk-unsplash-scaled-1-1536x1024.jpg 1536w, https:\/\/novaterr.com\/wp-content\/uploads\/kane-reinholdtsen-LETdkk7wHQk-unsplash-scaled-1-2048x1366.jpg 2048w, https:\/\/novaterr.com\/wp-content\/uploads\/kane-reinholdtsen-LETdkk7wHQk-unsplash-scaled-1-18x12.jpg 18w, https:\/\/novaterr.com\/wp-content\/uploads\/kane-reinholdtsen-LETdkk7wHQk-unsplash-scaled-1-930x620.jpg 930w, https:\/\/novaterr.com\/wp-content\/uploads\/kane-reinholdtsen-LETdkk7wHQk-unsplash-scaled-1-600x400.jpg 600w\" sizes=\"auto, (max-width: 1024px) 100vw, 1024px\" \/><\/figure>\n<\/div>\n\n\n\n<div class=\"wp-block-column is-layout-flow wp-block-column-is-layout-flow\">\n<p class=\"staynovaterr\"><strong>Restez \u00e0 jour avec Novaterr<\/strong><\/p>\n\n\n\n<p>O\u00f9 nous partageons les derni\u00e8res mises \u00e0 jour, les mentions de presse et les informations sur nos activit\u00e9s et projets.<\/p>\n\n\n\n<p>Restez inform\u00e9 de nos solutions innovantes et de nos initiatives en mati\u00e8re de d\u00e9veloppement durable.<\/p>\n\n\n\n<div class=\"wp-block-buttons is-content-justification-right is-layout-flex wp-container-core-buttons-is-layout-765c4724 wp-block-buttons-is-layout-flex\">\n<div class=\"wp-block-button boton\"><a class=\"wp-block-button__link has-text-color has-background has-link-color wp-element-button\" style=\"border-width:2px;border-radius:20px;color:#5d5d5d;background-color:#ffffff82;padding-top:var(--wp--preset--spacing--30);padding-right:var(--wp--preset--spacing--60);padding-bottom:var(--wp--preset--spacing--30);padding-left:var(--wp--preset--spacing--60)\">Nouvelles<\/a><\/div>\n<\/div>\n<\/div>\n<\/div>\n<\/div>\n<\/div>\n\n\n\n<div class=\"wp-block-cover alignfull is-light cover-final\" style=\"margin-top:0;padding-top:48px;padding-right:48px;padding-bottom:48px;padding-left:48px;min-height:120vh;aspect-ratio:unset;\"><span aria-hidden=\"true\" class=\"wp-block-cover__background has-background-dim-40 has-background-dim\" style=\"background-color:#6b90a6\"><\/span><img loading=\"lazy\" decoding=\"async\" width=\"2560\" height=\"1707\" class=\"wp-block-cover__image-background wp-image-223889\" alt=\"\" src=\"https:\/\/novaterr.com\/wp-content\/uploads\/christian-lendl-L_WZfwg8kdA-unsplash-scaled-1.jpg\" data-object-fit=\"cover\" srcset=\"https:\/\/novaterr.com\/wp-content\/uploads\/christian-lendl-L_WZfwg8kdA-unsplash-scaled-1.jpg 2560w, https:\/\/novaterr.com\/wp-content\/uploads\/christian-lendl-L_WZfwg8kdA-unsplash-scaled-1-300x200.jpg 300w, https:\/\/novaterr.com\/wp-content\/uploads\/christian-lendl-L_WZfwg8kdA-unsplash-scaled-1-1024x683.jpg 1024w, https:\/\/novaterr.com\/wp-content\/uploads\/christian-lendl-L_WZfwg8kdA-unsplash-scaled-1-768x512.jpg 768w, https:\/\/novaterr.com\/wp-content\/uploads\/christian-lendl-L_WZfwg8kdA-unsplash-scaled-1-1536x1024.jpg 1536w, https:\/\/novaterr.com\/wp-content\/uploads\/christian-lendl-L_WZfwg8kdA-unsplash-scaled-1-2048x1366.jpg 2048w, https:\/\/novaterr.com\/wp-content\/uploads\/christian-lendl-L_WZfwg8kdA-unsplash-scaled-1-18x12.jpg 18w, https:\/\/novaterr.com\/wp-content\/uploads\/christian-lendl-L_WZfwg8kdA-unsplash-scaled-1-930x620.jpg 930w, https:\/\/novaterr.com\/wp-content\/uploads\/christian-lendl-L_WZfwg8kdA-unsplash-scaled-1-600x400.jpg 600w\" sizes=\"auto, (max-width: 2560px) 100vw, 2560px\" \/><div class=\"wp-block-cover__inner-container is-layout-flow wp-block-cover-is-layout-flow\">\n<h2 class=\"wp-block-heading has-text-align-center\">Contactez Novaterr<\/h2>\n\n\n\n<div class=\"wp-block-columns is-layout-flex wp-container-core-columns-is-layout-9d6595d7 wp-block-columns-is-layout-flex\">\n<div class=\"wp-block-column card-black is-layout-flow wp-block-column-is-layout-flow\">\n<h5 class=\"wp-block-heading has-text-align-center\"><br>Vous avez des questions sur nos produits ou services ?<br><strong><br>Contactez-nous d\u00e8s aujourd&#039;hui pour parler \u00e0 l&#039;un de nos experts. Nous sommes l\u00e0 pour vous aider avec tous vos besoins.<\/strong><\/h5>\n\n\n\n<div class=\"wp-block-buttons is-content-justification-center is-layout-flex wp-container-core-buttons-is-layout-16018d1d wp-block-buttons-is-layout-flex\">\n<div class=\"wp-block-button boton\"><a class=\"wp-block-button__link has-text-color has-background has-link-color wp-element-button\" href=\"https:\/\/novaterr.com\/fr\/contacto\/\" style=\"border-width:2px;border-radius:20px;color:#5d5d5d;background-color:#ffffff82;padding-top:var(--wp--preset--spacing--30);padding-right:var(--wp--preset--spacing--60);padding-bottom:var(--wp--preset--spacing--30);padding-left:var(--wp--preset--spacing--60)\">Contactez-nous<\/a><\/div>\n<\/div>\n<\/div>\n<\/div>\n<\/div><\/div>","protected":false},"excerpt":{"rendered":"<p>Nous sommes sp\u00e9cialis\u00e9s dans le d\u00e9veloppement de logiciels, les produits et services m\u00e9dicaux, l&#039;import-export et les solutions pour l&#039;industrie verte. Notre mission est de fournir des solutions innovantes et durables qui r\u00e9pondent aux besoins de nos clients et contribuent \u00e0 un avenir meilleur. D\u00e9veloppement de logiciels Nous proposons des solutions logicielles de pointe pour les secteurs bancaire et financier. Nos produits\u2026&nbsp;<\/p>","protected":false},"author":230,"featured_media":0,"parent":0,"menu_order":0,"comment_status":"closed","ping_status":"closed","template":"","meta":{"neve_meta_sidebar":"","neve_meta_container":"","neve_meta_enable_content_width":"","neve_meta_content_width":0,"neve_meta_title_alignment":"","neve_meta_author_avatar":"","neve_post_elements_order":"","neve_meta_disable_header":"","neve_meta_disable_footer":"","neve_meta_disable_title":"","neve_meta_reading_time":"","footnotes":""},"class_list":["post-229848","page","type-page","status-publish","hentry"],"jetpack_sharing_enabled":true,"_links":{"self":[{"href":"https:\/\/novaterr.com\/fr\/wp-json\/wp\/v2\/pages\/229848","targetHints":{"allow":["GET"]}}],"collection":[{"href":"https:\/\/novaterr.com\/fr\/wp-json\/wp\/v2\/pages"}],"about":[{"href":"https:\/\/novaterr.com\/fr\/wp-json\/wp\/v2\/types\/page"}],"author":[{"embeddable":true,"href":"https:\/\/novaterr.com\/fr\/wp-json\/wp\/v2\/users\/230"}],"replies":[{"embeddable":true,"href":"https:\/\/novaterr.com\/fr\/wp-json\/wp\/v2\/comments?post=229848"}],"version-history":[{"count":12,"href":"https:\/\/novaterr.com\/fr\/wp-json\/wp\/v2\/pages\/229848\/revisions"}],"predecessor-version":[{"id":235549,"href":"https:\/\/novaterr.com\/fr\/wp-json\/wp\/v2\/pages\/229848\/revisions\/235549"}],"wp:attachment":[{"href":"https:\/\/novaterr.com\/fr\/wp-json\/wp\/v2\/media?parent=229848"}],"curies":[{"name":"wp","href":"https:\/\/api.w.org\/{rel}","templated":true}]}}